{"id":109,"date":"2015-09-21T15:58:59","date_gmt":"2015-09-21T15:58:59","guid":{"rendered":"http:\/\/www.jub-winningen.de\/jubneu\/?page_id=109"},"modified":"2024-02-13T14:26:34","modified_gmt":"2024-02-13T14:26:34","slug":"impressum","status":"publish","type":"page","link":"https:\/\/www.jub-winningen.de\/jubneu\/impressum\/","title":{"rendered":"Impressum"},"content":{"rendered":"<p class=\"paragraph_style_1\">www.jub-winningen.de ist eine nicht-kommerzielle Homepage des<\/p>\n<p class=\"paragraph_style_1\">Evang. Kinder- und Jugendb\u00fcros Winningen<\/p>\n<p class=\"paragraph_style_1\"><strong>Kontakt:<\/strong><br \/>\n<strong>Jugendleiterin Yoke Balmert<\/strong><br \/>\n<strong>Ev. Kinder- und Jugendb\u00fcro Winningen<\/strong><br \/>\n<strong>Kirchstra\u00dfe 7<\/strong><br \/>\n<strong>56333 Winningen<\/strong><br \/>\n<strong>Tel.: 02606-961161<\/strong><br \/>\n<strong>Email: jub.winningen{\u00e4t}ekir.de<\/strong><\/p>\n<p class=\"paragraph_style_2\">Haftung f\u00fcr Inhalte<span class=\"style_2\"><br \/>\n<\/span><\/p>\n<p class=\"paragraph_style_3\">Die Inhalte unserer Seiten wurden mit gr\u00f6\u00dfter Sorgfalt erstellt. F\u00fcr die Richtigkeit, Vollst\u00e4ndigkeit und Aktualit\u00e4t der Inhalte k\u00f6nnen wir jedoch keine Gew\u00e4hr \u00fcbernehmen.<\/p>\n<p class=\"paragraph_style_4\">Haftung f\u00fcr Links<span class=\"style_2\"><br \/>\n<\/span><\/p>\n<p class=\"paragraph_style_3\">Unser Angebot enth\u00e4lt Links zu externen Webseiten Dritter, auf deren Inhalte wir keinen Einfluss haben. Deshalb k\u00f6nnen wir f\u00fcr diese fremden Inhalte auch keine Gew\u00e4hr \u00fcbernehmen. F\u00fcr die Inhalte der verlinkten Seiten ist stets der jeweilige Anbieter oder Betreiber der Seiten verantwortlich. Die verlinkten Seiten wurden zum Zeitpunkt der Verlinkung auf m\u00f6gliche Rechtsverst\u00f6\u00dfe \u00fcberpr\u00fcft. Rechtswidrige Inhalte waren zum Zeitpunkt der Verlinkung nicht erkennbar. Eine permanente inhaltliche Kontrolle der verlinkten Seiten ist jedoch ohne konkrete Anhaltspunkte einer Rechtsverletzung nicht zumutbar. Bei bekannt werden von Rechtsverletzungen werden wir derartige Links umgehend entfernen.<\/p>\n<p class=\"paragraph_style_4\">Urheberrecht<span class=\"style_2\"><br \/>\n<\/span><\/p>\n<p class=\"paragraph_style_3\">Die Betreiber der Seiten sind bem\u00fcht, stets die Urheberrechte anderer zu beachten bzw. auf selbst erstellte sowie lizenzfreie Werke zur\u00fcckzugreifen.<\/p>\n<p class=\"paragraph_style_3\">Die durch die Seitenbetreiber erstellten Inhalte und Werke auf diesen Seiten unterliegen dem deutschen Urheberrecht. Beitr\u00e4ge Dritter sind als solche gekennzeichnet. Die Vervielf\u00e4ltigung, Bearbeitung, Verbreitung und jede Art der Verwertung au\u00dferhalb der Grenzen des Urheberrechtes bed\u00fcrfen der schriftlichen Zustimmung des jeweiligen Autors bzw. Erstellers. Downloads und Kopien dieser Seite sind nur f\u00fcr den privaten, nicht kommerziellen Gebrauch gestattet.<\/p>\n<p class=\"paragraph_style_4\">Datenschutz<span class=\"style_2\"><br \/>\n<\/span><\/p>\n<p class=\"paragraph_style_3\">Soweit auf unseren Seiten personenbezogene Daten (beispielsweise Name, Anschrift oder eMail-Adressen) erhoben werden, erfolgt dies soweit m\u00f6glich stets auf freiwilliger Basis. Die Nutzung der Angebote und Dienste ist, soweit m\u00f6glich, stets ohne Angabe personenbezogener Daten m\u00f6glich.<\/p>\n<p class=\"paragraph_style_3\">Der Nutzung von im Rahmen der Impressumspflicht ver\u00f6ffentlichten Kontaktdaten durch Dritte zur \u00dcbersendung von nicht ausdr\u00fccklich angeforderter Werbung und Informationsmaterialien wird hiermit ausdr\u00fccklich widersprochen. Die Betreiber der Seiten behalten sich ausdr\u00fccklich rechtliche Schritte im Falle der unverlangten Zusendung von Werbeinformationen, etwa durch Spam-Mails, vor.<\/p>\n<p class=\"paragraph_style_5\">Quelle: e-recht24.de <a class=\"Ohne\" title=\"http:\/\/www.e-recht24.de\/\" href=\"http:\/\/www.e-recht24.de\/\">Rechtsberatung<\/a> von RA S\u00f6ren Siebert<\/p>\n","protected":false},"excerpt":{"rendered":"<p>www.jub-winningen.de ist eine nicht-kommerzielle Homepage des Evang. Kinder- und Jugendb\u00fcros Winningen Kontakt: Jugendleiterin Yoke Balmert Ev. Kinder- und Jugendb\u00fcro Winningen&hellip; <a class=\"read-more\" href=\"https:\/\/www.jub-winningen.de\/jubneu\/impressum\/\">Weiterlesen<\/a><\/p>\n","protected":false},"author":1,"featured_media":0,"parent":0,"menu_order":0,"comment_status":"closed","ping_status":"closed","template":"","meta":{"footnotes":""},"class_list":["post-109","page","type-page","status-publish","hentry"],"_links":{"self":[{"href":"https:\/\/www.jub-winningen.de\/jubneu\/wp-json\/wp\/v2\/pages\/109","targetHints":{"allow":["GET"]}}],"collection":[{"href":"https:\/\/www.jub-winningen.de\/jubneu\/wp-json\/wp\/v2\/pages"}],"about":[{"href":"https:\/\/www.jub-winningen.de\/jubneu\/wp-json\/wp\/v2\/types\/page"}],"author":[{"embeddable":true,"href":"https:\/\/www.jub-winningen.de\/jubneu\/wp-json\/wp\/v2\/users\/1"}],"replies":[{"embeddable":true,"href":"https:\/\/www.jub-winningen.de\/jubneu\/wp-json\/wp\/v2\/comments?post=109"}],"version-history":[{"count":7,"href":"https:\/\/www.jub-winningen.de\/jubneu\/wp-json\/wp\/v2\/pages\/109\/revisions"}],"predecessor-version":[{"id":1549,"href":"https:\/\/www.jub-winningen.de\/jubneu\/wp-json\/wp\/v2\/pages\/109\/revisions\/1549"}],"wp:attachment":[{"href":"https:\/\/www.jub-winningen.de\/jubneu\/wp-json\/wp\/v2\/media?parent=109"}],"curies":[{"name":"wp","href":"https:\/\/api.w.org\/{rel}","templated":true}]}}