{"id":34,"date":"2015-05-12T17:00:31","date_gmt":"2015-05-12T17:00:31","guid":{"rendered":"http:\/\/www.jub-winningen.de\/jubneu\/?page_id=34"},"modified":"2024-02-06T15:11:08","modified_gmt":"2024-02-06T15:11:08","slug":"angebote","status":"publish","type":"page","link":"https:\/\/www.jub-winningen.de\/jubneu\/angebote\/","title":{"rendered":"Gruppen"},"content":{"rendered":"\n<p>Hier gibt es einen \u00dcberblick \u00fcber die w\u00f6chentlich stattfindenden Gruppen<\/p>\n\n\n\n<p><a href=\"http:\/\/jub-winningen.de\/jubneu\/angebote\/maedchengruppe-ab-6-klasse\/\">M\u00e4dchenkakao<\/a><\/p>\n\n\n\n<p><a href=\"http:\/\/www.jub-winningen.de\/jubneu\/angebote\/maedchengruppe\/\">M\u00e4dchengruppe<\/a><\/p>\n\n\n\n<p><a href=\"http:\/\/www.jub-winningen.de\/jubneu\/angebote\/jungengruppe\/\">Jungengruppe<\/a><\/p>\n\n\n\n<p><\/p>\n","protected":false},"excerpt":{"rendered":"<p>Hier gibt es einen \u00dcberblick \u00fcber die w\u00f6chentlich stattfindenden Gruppen M\u00e4dchenkakao M\u00e4dchengruppe Jungengruppe<\/p>\n","protected":false},"author":1,"featured_media":0,"parent":0,"menu_order":0,"comment_status":"open","ping_status":"open","template":"","meta":{"footnotes":""},"class_list":["post-34","page","type-page","status-publish","hentry"],"_links":{"self":[{"href":"https:\/\/www.jub-winningen.de\/jubneu\/wp-json\/wp\/v2\/pages\/34","targetHints":{"allow":["GET"]}}],"collection":[{"href":"https:\/\/www.jub-winningen.de\/jubneu\/wp-json\/wp\/v2\/pages"}],"about":[{"href":"https:\/\/www.jub-winningen.de\/jubneu\/wp-json\/wp\/v2\/types\/page"}],"author":[{"embeddable":true,"href":"https:\/\/www.jub-winningen.de\/jubneu\/wp-json\/wp\/v2\/users\/1"}],"replies":[{"embeddable":true,"href":"https:\/\/www.jub-winningen.de\/jubneu\/wp-json\/wp\/v2\/comments?post=34"}],"version-history":[{"count":7,"href":"https:\/\/www.jub-winningen.de\/jubneu\/wp-json\/wp\/v2\/pages\/34\/revisions"}],"predecessor-version":[{"id":1542,"href":"https:\/\/www.jub-winningen.de\/jubneu\/wp-json\/wp\/v2\/pages\/34\/revisions\/1542"}],"wp:attachment":[{"href":"https:\/\/www.jub-winningen.de\/jubneu\/wp-json\/wp\/v2\/media?parent=34"}],"curies":[{"name":"wp","href":"https:\/\/api.w.org\/{rel}","templated":true}]}}