{"id":378,"date":"2018-06-07T08:02:44","date_gmt":"2018-06-07T08:02:44","guid":{"rendered":"http:\/\/www.jub-winningen.de\/jubneu\/?page_id=378"},"modified":"2020-01-30T10:34:11","modified_gmt":"2020-01-30T10:34:11","slug":"datenschutzerklaerung","status":"publish","type":"page","link":"https:\/\/www.jub-winningen.de\/jubneu\/datenschutzerklaerung\/","title":{"rendered":"Datenschutzerkl\u00e4rung"},"content":{"rendered":"<h1>DATENSCHUTZERKL\u00c4RUNG<\/h1>\n<p>Diese Datenschutzerkl\u00e4rung beschreibt die Datenverarbeitung der Homepage, die unter jub-winningen.de vom Ev. Kinder- und Jugendb\u00fcro betrieben wird. [<a href=\"http:\/\/www.jub-winningen.de\/jubneu\/impressum\/\">Das Impressum gibt&#8217;s hier.<\/a>]<\/p>\n<p>Wir gehen mit personenbezogenen Daten sensibel und sorgf\u00e4ltig um. Wir sorgen f\u00fcr eine hohe Datensicherheit. Unsere technischen und organisatorischen Ma\u00dfnahmen stellen sicher, dass die Vorschriften des Bundesdatenschutz- sowie des Telemediengesetzes eingehalten werden. Das gilt auch f\u00fcr externe Dienstleistende.<\/p>\n<p>Wir erheben und verarbeiten personenbezogene Daten nur in dem in dieser Datenschutzerkl\u00e4rung beschriebenen Umfang.<\/p>\n<p>\u00dcber unseren zentralen Datenschutzkontakt<\/p>\n<p><a href=\"mailto:jub.winningen@gmail.com\">jub.winningen(at)ekir.de<\/a><\/p>\n<p>kann\u00a0jederzeit Auskunft, Berichtigung, L\u00f6schung oder Sperrung der personenbezogenen gespeicherten Daten verlangt werden.<\/p>\n<h2>Diese Daten werden von uns erfasst und verarbeitet<\/h2>\n<p>Die einzige Voraussetzung f\u00fcr die Teilnahme an der Kommentarfunktion der Homepage\u00a0 ist eine funktionierende E-Mail-Adresse.\u00a0 Alle Daten\u00fcbertragungen erfolgen verschl\u00fcsselt (erkennbar an &#8222;https&#8220; in der Adressleiste).<\/p>\n<p>Eure E-Mail-Adresse wird nicht ver\u00f6ffentlicht und auch nicht an Dritte weitergegeben. Sie wird allein dazu genutzt,<\/p>\n<ul>\n<li>um euch einen Link zuzuschicken, mit dem ihr eure Beitr\u00e4ge best\u00e4tigt (Verifizierung);<\/li>\n<li>damit ihr zu einem sp\u00e4teren Zeitpunkt noch einmal auf eure Beitr\u00e4ge zugreifen k\u00f6nnt;<\/li>\n<li>um mit euch Kontakt aufzunehmen, sollten eure Beitr\u00e4ge z.B. nicht richtig \u00fcbermittelt worden zu sein;<\/li>\n<\/ul>\n<p>Die Eingabe weiterer Daten, wie Name und Alter, erfolgt freiwillig.<\/p>\n<p>Die freiwillige Angabe zur geografischen Verortung eines Beitrags speichert die Geo-Koordinaten, die ihr eingebt oder die euer Browser nach eurer Freigabe \u00fcbermittelt. Diese Ortsangaben werden mit den Beitr\u00e4gen gespeichert und nur zur Anzeige in einer Landkarte genutzt.<\/p>\n<p>Die Eingaben werden solange gespeichert, wie eine Beteiligungsrunde inkl. der Darstellung von Reaktionen und Wirkungen vorgehalten wird.<\/p>\n<p>Die Rechtsgrundlage f\u00fcr die beschriebene Verarbeitung ist\u00a0<a href=\"https:\/\/dsgvo-gesetz.de\/art-6-dsgvo\/\" target=\"_blank\" rel=\"noopener noreferrer\">Art. 6 Abs. 1a der Datenschutzgrundverordnung (DSGVO)<\/a>, die die Datenverarbeitung erlaubt, wenn die betroffene Person ihre Einwilligung dazu gegeben hat.<\/p>\n<p>Passw\u00f6rter werden nie im Klartext gespeichert. Aus diesem Grund k\u00f6nnen Passw\u00f6rter nicht wieder hergestellt, sondern nur neu vergeben werden.<\/p>\n<p>Jeder Zugriff auf diese Website wird in einer Protokolldatei (Logfile) gespeichert. In der Protokolldatei werden folgende Daten gespeichert:<\/p>\n<ul>\n<li>IP-Adresse: Diese ben\u00f6tigt der Server, um die Seiten an euer Ger\u00e4t zu schicken. Die IP-Adresse wird von unserem Provider umgehend pseudonymisiert und ist f\u00fcr uns zu keinem Moment einem Anschluss zuzuordnen.<\/li>\n<li>Datum und Uhrzeit, aufgerufene Seite\/Name der abgerufenen Datei, \u00fcbertragene Datenmenge und Meldung, ob der Zugriff\/Abruf erfolgreich war: Wir sehen dadurch, wie Inhalte aufgerufen werden.<\/li>\n<li>Selbstauskunft des Browsers (Typ, Version, Betriebssystem)<\/li>\n<\/ul>\n<p>Rechtsgrundlage f\u00fcr die Verarbeitung ist\u00a0<a href=\"https:\/\/dsgvo-gesetz.de\/art-6-dsgvo\/\" target=\"_blank\" rel=\"noopener noreferrer\">Art. 6 Abs. 1 f DSGVO<\/a>, das f\u00fcr den sicheren Betrieb des ePartools diese Datenverarbeitung zul\u00e4sst.<\/p>\n<h2>Eingebettete externe Dienste<\/h2>\n<p>Diese Website bindet externe Dienste ein (OpenStreetMaps, Vimeo, Youtube). Dadurch erhalten diese externen Dienstleister Kenntnis \u00fcber die Besuche der Website. Der Abruf geschieht je nach Browsereinstellung automatisch. Durch einen entsprechenden Ressourcenblocker k\u00f6nnen Dienste im Vorfeld bereits deaktiviert werden. Jedoch kann dadurch die Funktion der Website eingeschr\u00e4nkt sein.<\/p>\n<h2>Social-Media-Buttons<\/h2>\n<p>Bei Social-Media-Buttons k\u00f6nnen folgende Daten an die jeweiligen Betreiber \u00fcbermittelt werden: IP-Adresse, Browserinformationen und Betriebssystem, Bildschirmaufl\u00f6sung, installierte Browser-Plugins, Herkunft der Besucher_in. Die Daten werden erst beim Klick auf einen solchen Button \u00fcbertragen.<\/p>\n<h2>Weitergabe personenbezogener Daten an Dritte<\/h2>\n<p>Daten, die beim Zugriff auf das Internetangebot des Kinder- und Jugendb\u00fcros protokolliert werden, werden abgesehen von den oben benannten Einbettungen von Diensten nur an Dritte \u00fcbermittelt, soweit wir gesetzlich oder durch Gerichtsentscheidung dazu verpflichtet sind: im Falle von Angriffen auf die Internetinfrastruktur zur Rechts- oder Strafverfolgung. Eine Weitergabe zu anderen Zwecken erfolgt nicht.<\/p>\n<h2>Externe Links<\/h2>\n<p>Unser Online-Angebot enth\u00e4lt Links zu Internetangeboten anderer Anbieter. Wir haben keinen Einfluss darauf, dass diese Anbieter die Datenschutzbestimmungen einhalten.<\/p>\n<h2>Einsatz von Cookies<\/h2>\n<p>Content-Management-Systeme senden automatisch Cookies an den Browser. Wir weisen darauf nicht gesondert hin. Cookies werden konkret zur Identifizierung in Login-Systemen und bei den Beitrags- und Kommentarfunktionen genutzt. Die meisten Browser sind so eingestellt, dass sie Cookies automatisch akzeptieren. Du kannst das Speichern von Cookies jedoch deaktivieren oder den Browser so einstellen, dass Cookies nur f\u00fcr die Dauer der jeweiligen Verbindung zum Internet gespeichert werden.<\/p>\n<h2>Facebook<\/h2>\n<p>Verantwortlicher gem\u00e4\u00df Art. 4 Abs. 7 DS-GVO ist der Leiter des Ev. Kinder- und Jugendb\u00fcros Winningen als Betreiber der Facebook Seite sowie Facebook Ireland Ltd. als gemeinsam Verantwortliche gem\u00e4\u00df Art. 26 DS-GVO. Den Vertrag \u00fcber unsere gemeinsame Verantwortlichkeit k\u00f6nnen Sie unter folgendem Link abrufen: <a href=\"https:\/\/www.facebook.com\/legal\/terms\/page_controller_addendum\">https:\/\/www.facebook.com\/legal\/terms\/page_controller_addendum<\/a> . Facebook Ireland Ltd. \u00fcbernimmt danach die prim\u00e4re Verantwortung gem\u00e4\u00df den Vorgaben der DS-GVO f\u00fcr die Verarbeitung von Insights-Daten und wird s\u00e4mtliche Pflichten aus der DS-GVO im Hinblick auf die Verarbeitung von Insights-Daten erf\u00fcllen (u.a. Art. 12 und 13 DS-GVO \u201eInformationspflichten\u201c, Art. 15 bis 22 DS-GVO \u201eBetroffenenrechte\u201c und Art. 32 bis 34 DS-GVO \u201eTechnische und organisatorische Ma\u00dfnahmen\u201c).<\/p>\n<h2>Minderj\u00e4hrigenschutz<\/h2>\n<p>Personen unter 16 Jahren sollten ohne Zustimmung der Eltern oder Erziehungsberechtigten keine personenbezogenen Daten an uns \u00fcbermitteln. Wir fordern keine personenbezogenen Daten von Kindern und Jugendlichen an. Wissentlich sammeln wir solche Daten nicht und geben sie auch nicht an Dritte weiter.<\/p>\n<p>Winningen, 30.01.2020<\/p>\n","protected":false},"excerpt":{"rendered":"<p>DATENSCHUTZERKL\u00c4RUNG Diese Datenschutzerkl\u00e4rung beschreibt die Datenverarbeitung der Homepage, die unter jub-winningen.de vom Ev. Kinder- und Jugendb\u00fcro betrieben wird. [Das Impressum&hellip; <a class=\"read-more\" href=\"https:\/\/www.jub-winningen.de\/jubneu\/datenschutzerklaerung\/\">Weiterlesen<\/a><\/p>\n","protected":false},"author":3,"featured_media":0,"parent":0,"menu_order":0,"comment_status":"closed","ping_status":"closed","template":"","meta":{"footnotes":""},"class_list":["post-378","page","type-page","status-publish","hentry"],"_links":{"self":[{"href":"https:\/\/www.jub-winningen.de\/jubneu\/wp-json\/wp\/v2\/pages\/378","targetHints":{"allow":["GET"]}}],"collection":[{"href":"https:\/\/www.jub-winningen.de\/jubneu\/wp-json\/wp\/v2\/pages"}],"about":[{"href":"https:\/\/www.jub-winningen.de\/jubneu\/wp-json\/wp\/v2\/types\/page"}],"author":[{"embeddable":true,"href":"https:\/\/www.jub-winningen.de\/jubneu\/wp-json\/wp\/v2\/users\/3"}],"replies":[{"embeddable":true,"href":"https:\/\/www.jub-winningen.de\/jubneu\/wp-json\/wp\/v2\/comments?post=378"}],"version-history":[{"count":4,"href":"https:\/\/www.jub-winningen.de\/jubneu\/wp-json\/wp\/v2\/pages\/378\/revisions"}],"predecessor-version":[{"id":599,"href":"https:\/\/www.jub-winningen.de\/jubneu\/wp-json\/wp\/v2\/pages\/378\/revisions\/599"}],"wp:attachment":[{"href":"https:\/\/www.jub-winningen.de\/jubneu\/wp-json\/wp\/v2\/media?parent=378"}],"curies":[{"name":"wp","href":"https:\/\/api.w.org\/{rel}","templated":true}]}}